{"id":344,"date":"2020-02-26T10:55:04","date_gmt":"2020-02-26T10:55:04","guid":{"rendered":"https:\/\/demosites.io\/web-agency-bb\/?page_id=56"},"modified":"2025-12-31T09:48:35","modified_gmt":"2025-12-31T08:48:35","slug":"48ee1-home-2","status":"publish","type":"page","link":"https:\/\/www.nxway.fr\/en\/","title":{"rendered":"Home"},"content":{"rendered":"<h2  data-animation-delay=\"0\" data-animation-duration=\"1\">\n\t\t\tVotre meilleur \u00e9quipier pour vos solutions num\u00e9riques\t<\/h2>\n\t<p>Nous accompagnons nos clients dans leurs projets IT en apportant une expertise haut de gamme dans le domaine de l&rsquo;architecture autour des technologies de virtualisation d&rsquo;infrastructure et d&rsquo;environnement utilisateurs.<\/p>\n\t\t\t\t<img decoding=\"async\" src=\"http:\/\/www.nxway.fr\/wp-content\/uploads\/2025\/12\/2025-12-30-11_41_55-NXWAY-Introduction-2025-_V3.png\" alt=\"2025-12-30 11_41_55-NXWAY - Introduction 2025 _V3\" itemprop=\"image\" title=\"2025-12-30 11_41_55-NXWAY - Introduction 2025 _V3\" onerror=\"this.style.display='none'\" loading=\"lazy\" \/>\n<h2  id=\"partner\">\n\t\t\tNos partenaires technologiques \t<\/h2>\n\t<p>Nos offres sont bas\u00e9es sur les technologies leaders de l&rsquo;industrie en mati\u00e8re d&rsquo;Infrastructure hyperconverg\u00e9e et de stockage d\u00e9fini par logiciel ainsi que de publications de bureaux et d&rsquo;applications tel que Nutanix, Citrix, Parrallels et d&rsquo;autres encore.<\/p>\n\t<ul>\n\t\t\t\t<li id=\"wpzabb-client-0\">\n\t\t\t\t<img decoding=\"async\" src=\"http:\/\/dev.nxway.fr\/wp-content\/uploads\/2025\/01\/citrix--300x93.png\" alt=\"\" itemprop=\"image\"\/>\n\t\t\t\t\t<\/li>\n\t\t\t\t<li id=\"wpzabb-client-1\">\n\t\t\t\t<img decoding=\"async\" src=\"http:\/\/dev.nxway.fr\/wp-content\/uploads\/2025\/01\/netscaler-logo-black-300x72.png\" alt=\"\" itemprop=\"image\"\/>\n\t\t\t\t\t<\/li>\n\t\t\t\t<li id=\"wpzabb-client-2\">\n\t\t\t\t<img decoding=\"async\" src=\"http:\/\/dev.nxway.fr\/wp-content\/uploads\/2025\/01\/nutanix-logo-charcoal-gray-300x39.png\" alt=\"\" itemprop=\"image\"\/>\n\t\t\t\t\t<\/li>\n\t\t\t\t<li id=\"wpzabb-client-3\">\n\t\t\t\t<img decoding=\"async\" src=\"http:\/\/dev.nxway.fr\/wp-content\/uploads\/2025\/01\/logo-full-color-on-white-300x300.jpg\" alt=\"\" itemprop=\"image\"\/>\n\t\t\t\t\t<\/li>\n\t\t\t\t<li id=\"wpzabb-client-4\">\n\t\t\t\t<img decoding=\"async\" src=\"http:\/\/dev.nxway.fr\/wp-content\/uploads\/2025\/01\/IGEL_Logo.jpg\" alt=\"\" itemprop=\"image\"\/>\n\t\t\t\t\t<\/li>\n\t\t\t\t<li id=\"wpzabb-client-5\">\n\t\t\t\t<img decoding=\"async\" src=\"http:\/\/dev.nxway.fr\/wp-content\/uploads\/2025\/01\/fd044c1ca4ae4a989786ee97b1a10f59-CU_Logo-Black-300x53.png\" alt=\"\" itemprop=\"image\"\/>\n\t\t\t\t\t<\/li>\n\t\t\t\t<li id=\"wpzabb-client-6\">\n\t\t\t\t<img decoding=\"async\" src=\"http:\/\/dev.nxway.fr\/wp-content\/uploads\/2025\/01\/Microsoft_logo_2012.svg_-300x64.png\" alt=\"\" itemprop=\"image\"\/>\n\t\t\t\t\t<\/li>\n\t\t\t\t<li id=\"wpzabb-client-7\">\n\t\t\t\t\t\t\t<a href=\"http:\/\/www.example.com\/\" title=\"nerdio\" target=\"_self\">\n\t\t\t\t<img decoding=\"async\" src=\"http:\/\/www.nxway.fr\/wp-content\/uploads\/2025\/12\/NERDIO_LOGO_STACK_POS-300x186.png\" alt=\"NERDIO_LOGO_STACK_POS\" itemprop=\"image\"\/>\n\t\t\t\t\t\t\t<\/a>\n\t\t\t\t\t<\/li>\n\t\t\t<\/ul>\n<h2  id=\"service\">\n\t\t\tServices\t<\/h2>\n\t<p>Nous croyons que la r\u00e9ussite passe par le partage de savoir-faire. C&rsquo;est pourquoi chacune de nos interventions int\u00e8gre syst\u00e9matiquement un transfert de comp\u00e9tences. Nous ne nous contentons pas de fournir des solutions informatiques : nous travaillons avec vous, en v\u00e9ritable co\u00e9quipier, pour renforcer votre autonomie, optimiser vos outils et relever ensemble vos d\u00e9fis.<\/p>\n\t\t\t\t<img decoding=\"async\" src=\"http:\/\/dev.nxway.fr\/wp-content\/uploads\/2025\/01\/design-thinking.png\" alt=\"design-thinking\" itemprop=\"image\"\/>\n\t<h3>\n\t\t\t\t\tDesign\n\t\t\t\t<\/h3>\n\t\t\t<p>Etude d&rsquo;architectures techniques (LLD,HDL)<br \/>Migration scenario<br \/>Study of implementation of PRA \/ PCA<br \/>Audit<\/p>\t\t\n\t\t\t\t<img decoding=\"async\" src=\"http:\/\/dev.nxway.fr\/wp-content\/uploads\/2025\/01\/build.png\" alt=\"OVHcloud_master_logo_fullcolor_RGB\" itemprop=\"image\"\/>\n\t<h3>\n\t\t\t\t\tInt\u00e9gration\n\t\t\t\t<\/h3>\n\t\t\t<p>Proof of concept<br \/>R\u00e9daction des documents techniques<br \/>Impl\u00e9mentation<br \/>Transfer knowledge<\/p>\t\t\n\t\t\t\t<img decoding=\"async\" src=\"http:\/\/dev.nxway.fr\/wp-content\/uploads\/2025\/01\/help-desk.png\" alt=\"IMG-2021-05-Nutanix-Parners\" itemprop=\"image\"\/>\n\t<h3>\n\t\t\t\t\tAssistance\n\t\t\t\t<\/h3>\n\t\t\tTicketing<br \/>Remote maintenance\t\t\n<h2  id=\"client\">\n\t\t\tIls nous font confiance\t<\/h2>\n\t<ul>\n\t\t\t\t<li id=\"wpzabb-client-0\">\n\t\t\t\t<img decoding=\"async\" src=\"http:\/\/dev.nxway.fr\/wp-content\/uploads\/2025\/01\/OPEN_Groupe-300x117.png\" alt=\"\" itemprop=\"image\"\/>\n\t\t\t\t\t<\/li>\n\t\t\t\t<li id=\"wpzabb-client-1\">\n\t\t\t\t<img decoding=\"async\" src=\"http:\/\/dev.nxway.fr\/wp-content\/uploads\/2025\/01\/1200px-Logo_InVivo-300x73.png\" alt=\"\" itemprop=\"image\"\/>\n\t\t\t\t\t<\/li>\n\t\t\t\t<li id=\"wpzabb-client-2\">\n\t\t\t\t<img decoding=\"async\" src=\"http:\/\/dev.nxway.fr\/wp-content\/uploads\/2025\/01\/Logo-SG-Societe-Generale.svg_-300x69.png\" alt=\"\" itemprop=\"image\"\/>\n\t\t\t\t\t<\/li>\n\t\t\t\t<li id=\"wpzabb-client-3\">\n\t\t\t\t<img decoding=\"async\" src=\"http:\/\/dev.nxway.fr\/wp-content\/uploads\/2025\/01\/bn3127bd8f-bnp-paribas-logo-bnp-paribas-logo-and-symbol-meaning-history-png-300x169.png\" alt=\"http:\/\/www.nxway.fr\/wp-content\/uploads\/2021\/12\/cropped-cropped-title-top.png\" itemprop=\"image\"\/>\n\t\t\t\t\t<\/li>\n\t\t\t\t<li id=\"wpzabb-client-4\">\n\t\t\t\t<img decoding=\"async\" src=\"http:\/\/dev.nxway.fr\/wp-content\/uploads\/2025\/01\/Banque_de_France_Logo.svg_-300x143.png\" alt=\"http:\/\/www.nxway.fr\/wp-content\/uploads\/2021\/12\/cropped-cropped-title-top.png\" itemprop=\"image\"\/>\n\t\t\t\t\t<\/li>\n\t\t\t\t<li id=\"wpzabb-client-5\">\n\t\t\t\t<img decoding=\"async\" src=\"http:\/\/dev.nxway.fr\/wp-content\/uploads\/2025\/01\/logo-Groupama-AM-enhanced_2-300x131.png\" alt=\"http:\/\/www.nxway.fr\/wp-content\/uploads\/2021\/12\/cropped-cropped-title-top.png\" itemprop=\"image\"\/>\n\t\t\t\t\t<\/li>\n\t\t\t\t<li id=\"wpzabb-client-6\">\n\t\t\t\t<img decoding=\"async\" src=\"http:\/\/dev.nxway.fr\/wp-content\/uploads\/2025\/01\/Pacifica1-300x167.jpg\" alt=\"http:\/\/www.nxway.fr\/wp-content\/uploads\/2021\/12\/cropped-cropped-title-top.png\" itemprop=\"image\"\/>\n\t\t\t\t\t<\/li>\n\t\t\t<\/ul>\n\t<h2>\n\t\t\t\t\tTravaillons ensemble sur votre projet\n\t\t\t\t<\/h2>\n\t\t\t\n\t\t\t<a  href=\"https:\/\/www.nxway.fr\/en\/#about-us\" target=\"_self\" role=\"button\">\n\t\t\t\t\t\tLet's talk about it  !\n\t\t<\/a>","protected":false},"excerpt":{"rendered":"<p>Votre meilleur \u00e9quipier pour vos solutions num\u00e9riques Nous accompagnons nos clients dans leurs projets IT en apportant une expertise haut de gamme dans le domaine de l&rsquo;architecture autour des technologies de virtualisation d&rsquo;infrastructure et d&rsquo;environnement utilisateurs. Nos partenaires technologiques Nos offres sont bas\u00e9es sur les technologies leaders de l&rsquo;industrie en mati\u00e8re d&rsquo;Infrastructure hyperconverg\u00e9e et de&hellip;&nbsp;<a href=\"https:\/\/www.nxway.fr\/en\/\" class=\"\" rel=\"bookmark\">Read More &raquo;<span class=\"screen-reader-text\">Home<\/span><\/a><\/p>","protected":false},"author":1,"featured_media":0,"parent":0,"menu_order":0,"comment_status":"closed","ping_status":"closed","template":"","meta":{"content-type":"","neve_meta_sidebar":"full-width","neve_meta_container":"full-width","neve_meta_enable_content_width":"on","neve_meta_content_width":100,"neve_meta_title_alignment":"","neve_meta_author_avatar":"","neve_post_elements_order":"","neve_meta_disable_header":"","neve_meta_disable_footer":"","neve_meta_disable_title":"on","neve_meta_reading_time":"","_ti_tpc_template_sync":false,"_ti_tpc_template_id":"hxsucowyu7ci8t31vqzx","footnotes":""},"class_list":["post-344","page","type-page","status-publish","hentry"],"_links":{"self":[{"href":"https:\/\/www.nxway.fr\/en\/wp-json\/wp\/v2\/pages\/344","targetHints":{"allow":["GET"]}}],"collection":[{"href":"https:\/\/www.nxway.fr\/en\/wp-json\/wp\/v2\/pages"}],"about":[{"href":"https:\/\/www.nxway.fr\/en\/wp-json\/wp\/v2\/types\/page"}],"author":[{"embeddable":true,"href":"https:\/\/www.nxway.fr\/en\/wp-json\/wp\/v2\/users\/1"}],"replies":[{"embeddable":true,"href":"https:\/\/www.nxway.fr\/en\/wp-json\/wp\/v2\/comments?post=344"}],"version-history":[{"count":2,"href":"https:\/\/www.nxway.fr\/en\/wp-json\/wp\/v2\/pages\/344\/revisions"}],"predecessor-version":[{"id":370,"href":"https:\/\/www.nxway.fr\/en\/wp-json\/wp\/v2\/pages\/344\/revisions\/370"}],"wp:attachment":[{"href":"https:\/\/www.nxway.fr\/en\/wp-json\/wp\/v2\/media?parent=344"}],"curies":[{"name":"wp","href":"https:\/\/api.w.org\/{rel}","templated":true}]}}