{"id":200,"date":"2022-07-28T13:50:36","date_gmt":"2022-07-28T11:50:36","guid":{"rendered":"https:\/\/dev.nxway.fr\/?page_id=200"},"modified":"2026-01-14T22:47:04","modified_gmt":"2026-01-14T21:47:04","slug":"carrieres","status":"publish","type":"page","link":"https:\/\/www.nxway.fr\/en\/carrieres\/","title":{"rendered":"Carri\u00e8res"},"content":{"rendered":"<p>Nxway est une jeune entreprise en pleine croissance, port\u00e9e par une dynamique forte, et nous recherchons des talents formidables pour nous accompagner.<\/p>\n<a role=\"button\" href=\"http:\/\/www.nxway.fr\/en\/218-2\/\" target=\"_self\" rel=\"noopener\"><br \/>\nConsulant Virtualisation<br \/>\n<\/a><br \/>\n<a role=\"button\" href=\"\/en\/\" target=\"_self\" rel=\"noopener\"><br \/>\nConsulant EUC<br \/>\n<\/a><br \/>\n<a role=\"button\" href=\"\/en\/\" target=\"_self\" rel=\"noopener\"><br \/>\nChef de projets<br \/>\n<\/a><br \/>\n<img loading=\"lazy\" decoding=\"async\" title=\"pexels-andrea-piacquadio-3760263\" src=\"http:\/\/www.nxway.fr\/wp-content\/uploads\/2022\/02\/pexels-andrea-piacquadio-3760263-scaled.jpg\" alt=\"pexels-andrea-piacquadio-3760263\" width=\"2560\" height=\"1707\" \/>\n<h4>Ce que nous proposons :<\/h4>\n<ul>\n<li>Un fonctionnement \u00e0 taille humaine, o\u00f9 chacun contribue r\u00e9ellement au d\u00e9veloppement de l&rsquo;entreprise.<\/li>\n<li>Des missions vari\u00e9es, de courte ou longue dur\u00e9e, avec des possibilit\u00e9s en alternance selon les profils.<\/li>\n<li>Du t\u00e9l\u00e9travail lorsque les missions le permettent.<\/li>\n<li>Des tickets restaurant au plafond l\u00e9gal.<\/li>\n<li>Une mutuelle prise en charge \u00e0 100 %.<\/li>\n<li>Des moments informels pour se retrouver et partager en dehors du travail ais sans obligation.<\/li>\n<\/ul>\n<p>&nbsp;<\/p>\n<p>Rien de surjou\u00e9 : on construit Nxway progressivement, avec des gens impliqu\u00e9s et respect\u00e9s.<\/p>","protected":false},"excerpt":{"rendered":"<p>Nxway est une jeune entreprise en pleine croissance, port\u00e9e par une dynamique forte, et nous recherchons des talents formidables pour nous accompagner. Consulant Virtualisation Consulant EUC Chef de projets Ce que nous proposons : Un fonctionnement \u00e0 taille humaine, o\u00f9 chacun contribue r\u00e9ellement au d\u00e9veloppement de l&rsquo;entreprise. Des missions vari\u00e9es, de courte ou longue dur\u00e9e,&hellip;&nbsp;<a href=\"https:\/\/www.nxway.fr\/en\/carrieres\/\" class=\"\" rel=\"bookmark\">Read More &raquo;<span class=\"screen-reader-text\">Carri\u00e8res<\/span><\/a><\/p>","protected":false},"author":1,"featured_media":0,"parent":0,"menu_order":0,"comment_status":"closed","ping_status":"closed","template":"","meta":{"content-type":"","neve_meta_sidebar":"","neve_meta_container":"","neve_meta_enable_content_width":"","neve_meta_content_width":0,"neve_meta_title_alignment":"","neve_meta_author_avatar":"","neve_post_elements_order":"","neve_meta_disable_header":"","neve_meta_disable_footer":"","neve_meta_disable_title":"","neve_meta_reading_time":"","_ti_tpc_template_sync":false,"_ti_tpc_template_id":"","footnotes":""},"class_list":["post-200","page","type-page","status-publish","hentry"],"_links":{"self":[{"href":"https:\/\/www.nxway.fr\/en\/wp-json\/wp\/v2\/pages\/200","targetHints":{"allow":["GET"]}}],"collection":[{"href":"https:\/\/www.nxway.fr\/en\/wp-json\/wp\/v2\/pages"}],"about":[{"href":"https:\/\/www.nxway.fr\/en\/wp-json\/wp\/v2\/types\/page"}],"author":[{"embeddable":true,"href":"https:\/\/www.nxway.fr\/en\/wp-json\/wp\/v2\/users\/1"}],"replies":[{"embeddable":true,"href":"https:\/\/www.nxway.fr\/en\/wp-json\/wp\/v2\/comments?post=200"}],"version-history":[{"count":2,"href":"https:\/\/www.nxway.fr\/en\/wp-json\/wp\/v2\/pages\/200\/revisions"}],"predecessor-version":[{"id":374,"href":"https:\/\/www.nxway.fr\/en\/wp-json\/wp\/v2\/pages\/200\/revisions\/374"}],"wp:attachment":[{"href":"https:\/\/www.nxway.fr\/en\/wp-json\/wp\/v2\/media?parent=200"}],"curies":[{"name":"wp","href":"https:\/\/api.w.org\/{rel}","templated":true}]}}